{"id":8,"date":"2025-07-29T11:53:35","date_gmt":"2025-07-29T11:53:35","guid":{"rendered":"https:\/\/azakvinc.com\/?page_id=8"},"modified":"2025-10-11T18:43:59","modified_gmt":"2025-10-11T18:43:59","slug":"hakkinda","status":"publish","type":"page","link":"https:\/\/azakvinc.com\/index.php\/hakkinda\/","title":{"rendered":"Hakk\u0131m\u0131zda"},"content":{"rendered":"\n<div class=\"wp-block-cover alignfull\" style=\"min-height:128px;aspect-ratio:unset;\"><span aria-hidden=\"true\" class=\"wp-block-cover__background has-nv-site-bg-background-color has-background-dim-100 has-background-dim\"><\/span><div class=\"wp-block-cover__inner-container is-layout-flow wp-block-cover-is-layout-flow\">\n<div class=\"wp-block-group\" style=\"padding-right:var(--wp--preset--spacing--30);padding-left:var(--wp--preset--spacing--30)\"><div class=\"wp-block-group__inner-container is-layout-flow wp-block-group-is-layout-flow\">\n<h1 class=\"wp-block-heading has-text-align-center has-text-align-left has-neve-text-color-color has-text-color\">Hakk\u0131m\u0131zda<\/h1>\n<\/div><\/div>\n<\/div><\/div>\n\n\n\n<div class=\"wp-block-cover alignfull\" style=\"min-height:600px;aspect-ratio:unset;\"><span aria-hidden=\"true\" class=\"wp-block-cover__background has-nv-light-bg-background-color has-background-dim-100 has-background-dim\"><\/span><div class=\"wp-block-cover__inner-container is-layout-flow wp-block-cover-is-layout-flow\">\n<div class=\"wp-block-group\"><div class=\"wp-block-group__inner-container is-layout-flow wp-block-group-is-layout-flow\">\n<div style=\"height:80px\" aria-hidden=\"true\" class=\"wp-block-spacer\"><\/div>\n\n\n\n<div class=\"wp-block-columns are-vertically-aligned-center has-neve-text-color-color has-text-color is-layout-flex wp-container-core-columns-is-layout-9d6595d7 wp-block-columns-is-layout-flex\">\n<div class=\"wp-block-column is-vertically-aligned-center is-layout-flow wp-block-column-is-layout-flow\" style=\"padding-right:var(--wp--preset--spacing--30);padding-left:var(--wp--preset--spacing--30);flex-basis:50%\">\n<figure class=\"wp-block-image size-full has-custom-border is-style-default\"><img loading=\"lazy\" decoding=\"async\" width=\"2560\" height=\"1920\" src=\"https:\/\/azakvinc.com\/wp-content\/uploads\/2025\/08\/shutterstock_22295665599-scaled.jpg\" alt=\"\" class=\"wp-image-204\" style=\"border-radius:16px\" srcset=\"https:\/\/azakvinc.com\/wp-content\/uploads\/2025\/08\/shutterstock_22295665599-scaled.jpg 2560w, https:\/\/azakvinc.com\/wp-content\/uploads\/2025\/08\/shutterstock_22295665599-300x225.jpg 300w, https:\/\/azakvinc.com\/wp-content\/uploads\/2025\/08\/shutterstock_22295665599-1024x768.jpg 1024w, https:\/\/azakvinc.com\/wp-content\/uploads\/2025\/08\/shutterstock_22295665599-768x576.jpg 768w, https:\/\/azakvinc.com\/wp-content\/uploads\/2025\/08\/shutterstock_22295665599-1536x1152.jpg 1536w, https:\/\/azakvinc.com\/wp-content\/uploads\/2025\/08\/shutterstock_22295665599-2048x1536.jpg 2048w\" sizes=\"auto, (max-width: 2560px) 100vw, 2560px\" \/><\/figure>\n<\/div>\n\n\n\n<div class=\"wp-block-column is-vertically-aligned-center is-layout-flow wp-block-column-is-layout-flow\" style=\"padding-top:0;padding-right:var(--wp--preset--spacing--30);padding-bottom:0;padding-left:var(--wp--preset--spacing--30);flex-basis:50%\">\n<h1 class=\"wp-block-heading has-text-align-center has-neve-text-color-color has-text-color\"><\/h1>\n\n\n\n<p class=\"has-text-align-center has-neve-text-color-color has-text-color\">Y\u00fck\u00fcn\u00fcz ve i\u015finiz a\u011f\u0131r olabilir ama \u00e7\u00f6z\u00fcm\u00fcn\u00fcz kolay! Biz, \u0130stanbul Avrupa Yakas\u0131&#8217;nda vin\u00e7 ve sepetli vin\u00e7 kiralama hizmeti sunan deneyimli bir ekibiz.<\/p>\n\n\n\n<p class=\"has-text-align-center\">Y\u0131llard\u0131r in\u015faat, montaj, ta\u015f\u0131mac\u0131l\u0131k ve y\u00fcksek eri\u015fim gerektiren i\u015flerde m\u00fc\u015fterilerimize g\u00fcvenli \u00e7\u00f6z\u00fcmler sunuyoruz. \u0130\u015fimizi sadece bir kiralama hizmeti olarak de\u011fil, <strong>m\u00fc\u015fterilerimizin i\u015f orta\u011f\u0131 olmak<\/strong> \u015feklinde g\u00f6r\u00fcyoruz.<\/p>\n\n\n\n<p class=\"has-text-align-center\">\ud83d\udd27 Her projeye \u00f6zel vin\u00e7 se\u00e7imi,<br>\ud83e\udd1d \u015eeffaf fiyatland\u0131rma,<br>\ud83d\udc77 Deneyimli operat\u00f6rler,<br>\ud83d\udccd Geni\u015f ara\u00e7 filomuzla t\u00fcm Avrupa Yakas\u0131\u2019na h\u0131zl\u0131 ula\u015f\u0131m&#8230;<\/p>\n\n\n\n<p class=\"has-text-align-center\">Amac\u0131m\u0131z? \u0130\u015finizi kolayla\u015ft\u0131rmak. Zaman kaybettirmeyen, g\u00fcvenli ve \u00e7\u00f6z\u00fcm odakl\u0131 hizmetlerimizle sekt\u00f6rde fark yarat\u0131yoruz.<\/p>\n\n\n\n<p class=\"has-text-align-center has-neve-text-color-color has-text-color\">Vin\u00e7 ihtiyac\u0131n\u0131z m\u0131 var? Bir telefon uza\u011f\u0131n\u0131zday\u0131z.<br>Bizimle \u00e7al\u0131\u015f\u0131n, i\u015finiz hafiflesin!<\/p>\n<\/div>\n<\/div>\n\n\n\n<div style=\"height:40px\" aria-hidden=\"true\" class=\"wp-block-spacer\"><\/div>\n<\/div><\/div>\n<\/div><\/div>\n\n\n\n<div class=\"wp-block-cover alignfull\" style=\"min-height:420px;aspect-ratio:unset;\"><span aria-hidden=\"true\" class=\"wp-block-cover__background has-nv-site-bg-background-color has-background-dim-100 has-background-dim\"><\/span><div class=\"wp-block-cover__inner-container is-layout-flow wp-block-cover-is-layout-flow\">\n<div style=\"height:80px\" aria-hidden=\"true\" class=\"wp-block-spacer\"><\/div>\n\n\n\n<div class=\"wp-block-columns is-layout-flex wp-container-core-columns-is-layout-9d6595d7 wp-block-columns-is-layout-flex\">\n<div class=\"wp-block-column ticss-4ce656f1 is-layout-flow wp-block-column-is-layout-flow\" style=\"padding-right:var(--wp--preset--spacing--30);padding-left:var(--wp--preset--spacing--30)\"><div class=\"wp-block-image icon-style is-style-default\">\n<figure class=\"aligncenter size-full is-resized\"><img loading=\"lazy\" decoding=\"async\" width=\"1024\" height=\"1024\" src=\"https:\/\/azakvinc.com\/wp-content\/uploads\/2025\/08\/hand.png\" alt=\"\" class=\"wp-image-206\" style=\"width:129px;height:auto\" srcset=\"https:\/\/azakvinc.com\/wp-content\/uploads\/2025\/08\/hand.png 1024w, https:\/\/azakvinc.com\/wp-content\/uploads\/2025\/08\/hand-300x300.png 300w, https:\/\/azakvinc.com\/wp-content\/uploads\/2025\/08\/hand-150x150.png 150w, https:\/\/azakvinc.com\/wp-content\/uploads\/2025\/08\/hand-768x768.png 768w\" sizes=\"auto, (max-width: 1024px) 100vw, 1024px\" \/><\/figure>\n<\/div>\n\n\n<div style=\"height:24px\" aria-hidden=\"true\" class=\"wp-block-spacer\"><\/div>\n\n\n\n<h3 class=\"wp-block-heading has-text-align-center has-neve-text-color-color has-text-color\">\ud83d\udd27 Nas\u0131l \u00c7al\u0131\u015f\u0131yoruz?<\/h3>\n\n\n\n<p class=\"has-text-align-center has-neve-text-color-color has-text-color\">\u0130\u015finizi kolayla\u015ft\u0131racak \u015fekilde pratik ve planl\u0131 \u00e7al\u0131\u015f\u0131r\u0131z. Genelde \u015fu \u015fekilde ilerleriz:<br><br>1. \ud83d\udcde Bizimle ileti\u015fime ge\u00e7ti\u011finizde, ihtiyac\u0131n\u0131z\u0131 h\u0131zl\u0131ca analiz ederiz.<br>2. \ud83d\udccd Lokasyona g\u00f6re en uygun vin\u00e7 ve ekipman\u0131 belirleriz.<br>3. \ud83d\udcdd \u0130sterseniz ke\u015fif yapar, fiyatland\u0131rmay\u0131 netle\u015ftiririz.<br>4. \ud83d\ude9a Belirlenen g\u00fcn ve saatte vin\u00e7 sahada olur, i\u015finiz g\u00fcvenle tamamlan\u0131r.<br><br>\u0130sterseniz operat\u00f6rl\u00fc, isterseniz operat\u00f6rs\u00fcz vin\u00e7 kiralama se\u00e7eneklerimizle size en uygun \u00e7\u00f6z\u00fcm\u00fc sunar\u0131z. \u0130\u015fimizi s\u00f6z verdi\u011fimiz gibi, zaman\u0131nda ve eksiksiz yapar\u0131z. \u00c7\u00fcnk\u00fc biliyoruz ki; g\u00fcven, detaylarda gizlidir.<\/p>\n\n\n\n<div style=\"height:20px\" aria-hidden=\"true\" class=\"wp-block-spacer\"><\/div>\n<\/div>\n\n\n\n<div class=\"wp-block-column ticss-f6fc7494 is-layout-flow wp-block-column-is-layout-flow\" style=\"padding-right:var(--wp--preset--spacing--30);padding-left:var(--wp--preset--spacing--30)\"><div class=\"wp-block-image icon-style is-style-default\">\n<figure class=\"aligncenter size-full is-resized\"><img loading=\"lazy\" decoding=\"async\" width=\"1024\" height=\"1024\" src=\"https:\/\/azakvinc.com\/wp-content\/uploads\/2025\/08\/dosya.png\" alt=\"\" class=\"wp-image-205\" style=\"width:119px;height:auto\" srcset=\"https:\/\/azakvinc.com\/wp-content\/uploads\/2025\/08\/dosya.png 1024w, https:\/\/azakvinc.com\/wp-content\/uploads\/2025\/08\/dosya-300x300.png 300w, https:\/\/azakvinc.com\/wp-content\/uploads\/2025\/08\/dosya-150x150.png 150w, https:\/\/azakvinc.com\/wp-content\/uploads\/2025\/08\/dosya-768x768.png 768w\" sizes=\"auto, (max-width: 1024px) 100vw, 1024px\" \/><\/figure>\n<\/div>\n\n\n<div style=\"height:24px\" aria-hidden=\"true\" class=\"wp-block-spacer\"><\/div>\n\n\n\n<h3 class=\"wp-block-heading has-text-align-center has-neve-text-color-color has-text-color\">\ud83d\udcc4 Periyodik Kontroller ve Sertifikalar<\/h3>\n\n\n\n<p class=\"has-text-align-center has-neve-text-color-color has-text-color\">T\u00fcm vin\u00e7 ve ekipmanlar\u0131m\u0131z, ilgili y\u00f6netmeliklere uygun \u015fekilde periyodik kontrollerden ge\u00e7irilir. Her vin\u00e7, i\u015f makineleri i\u00e7in zorunlu olan y\u0131ll\u0131k muayene belgelerine ve CE belgelerine sahiptir.<br><br>Ayr\u0131ca firmam\u0131z, operat\u00f6rlerinin G s\u0131n\u0131f\u0131 i\u015f makinesi ehliyeti ve mesleki yeterlilik belgelerine sahip olmas\u0131na \u00f6zen g\u00f6sterir. Kiral\u0131k sundu\u011fumuz her ara\u00e7, bak\u0131m ve kontrolleri tam yap\u0131lm\u0131\u015f, g\u00fcvenle sahaya \u00e7\u0131kmaya haz\u0131r durumdad\u0131r.<\/p>\n\n\n\n<div style=\"height:20px\" aria-hidden=\"true\" class=\"wp-block-spacer\"><\/div>\n<\/div>\n\n\n\n<div class=\"wp-block-column ticss-a5b4df29 is-layout-flow wp-block-column-is-layout-flow\" style=\"padding-right:var(--wp--preset--spacing--30);padding-left:var(--wp--preset--spacing--30)\"><div class=\"wp-block-image icon-style is-style-default\">\n<figure class=\"aligncenter size-full is-resized\"><img loading=\"lazy\" decoding=\"async\" width=\"1024\" height=\"1024\" src=\"https:\/\/azakvinc.com\/wp-content\/uploads\/2025\/08\/cap-1.png\" alt=\"\" class=\"wp-image-208\" style=\"width:139px;height:auto\" srcset=\"https:\/\/azakvinc.com\/wp-content\/uploads\/2025\/08\/cap-1.png 1024w, https:\/\/azakvinc.com\/wp-content\/uploads\/2025\/08\/cap-1-300x300.png 300w, https:\/\/azakvinc.com\/wp-content\/uploads\/2025\/08\/cap-1-150x150.png 150w, https:\/\/azakvinc.com\/wp-content\/uploads\/2025\/08\/cap-1-768x768.png 768w\" sizes=\"auto, (max-width: 1024px) 100vw, 1024px\" \/><\/figure>\n<\/div>\n\n\n<div style=\"height:24px\" aria-hidden=\"true\" class=\"wp-block-spacer\"><\/div>\n\n\n\n<h3 class=\"wp-block-heading has-text-align-center has-neve-text-color-color has-text-color\">\ud83d\udc77\u200d\u2642\ufe0f \u0130\u015f G\u00fcvenli\u011fi Bizim \u00d6nceli\u011fimizdir<\/h3>\n\n\n\n<p class=\"has-text-align-center has-neve-text-color-color has-text-color\">Vin\u00e7le \u00e7al\u0131\u015fmak ciddi sorumluluk gerektirir. Bu y\u00fczden i\u015f g\u00fcvenli\u011fi bizim i\u00e7in sadece bir zorunluluk de\u011fil, temel ilkedir. T\u00fcm personelimiz i\u015f sa\u011fl\u0131\u011f\u0131 ve g\u00fcvenli\u011fi e\u011fitimlerini tamamlam\u0131\u015f olup, her operasyonda gerekli t\u00fcm \u00f6nlemleri eksiksiz uygular.<br><br>Ayr\u0131ca sahada yap\u0131lan her i\u015flemde; \u00e7evre g\u00fcvenli\u011fi, operat\u00f6r g\u00fcvenli\u011fi ve ta\u015f\u0131nan y\u00fck\u00fcn g\u00fcvenli\u011fi titizlikle de\u011ferlendirilir. Kaza riskini en aza indirmek i\u00e7in \u00f6nceden planlama yapar, gerekirse sahada \u00f6n ke\u015fif ger\u00e7ekle\u015ftiririz. \u00c7al\u0131\u015ft\u0131\u011f\u0131m\u0131z her alanda, hem sizin hem \u00e7al\u0131\u015fanlar\u0131m\u0131z\u0131n g\u00fcvenli\u011fini \u00f6n planda tutar\u0131z.<\/p>\n\n\n\n<div style=\"height:20px\" aria-hidden=\"true\" class=\"wp-block-spacer\"><\/div>\n<\/div>\n<\/div>\n\n\n\n<div style=\"height:30px\" aria-hidden=\"true\" class=\"wp-block-spacer\"><\/div>\n<\/div><\/div>\n","protected":false},"excerpt":{"rendered":"","protected":false},"author":1,"featured_media":0,"parent":0,"menu_order":0,"comment_status":"closed","ping_status":"closed","template":"","meta":{"neve_meta_sidebar":"","neve_meta_container":"","neve_meta_enable_content_width":"on","neve_meta_content_width":100,"neve_meta_title_alignment":"","neve_meta_author_avatar":"","neve_post_elements_order":"","neve_meta_disable_header":"","neve_meta_disable_footer":"","neve_meta_disable_title":"on","footnotes":""},"class_list":["post-8","page","type-page","status-publish","hentry"],"_links":{"self":[{"href":"https:\/\/azakvinc.com\/index.php\/wp-json\/wp\/v2\/pages\/8","targetHints":{"allow":["GET"]}}],"collection":[{"href":"https:\/\/azakvinc.com\/index.php\/wp-json\/wp\/v2\/pages"}],"about":[{"href":"https:\/\/azakvinc.com\/index.php\/wp-json\/wp\/v2\/types\/page"}],"author":[{"embeddable":true,"href":"https:\/\/azakvinc.com\/index.php\/wp-json\/wp\/v2\/users\/1"}],"replies":[{"embeddable":true,"href":"https:\/\/azakvinc.com\/index.php\/wp-json\/wp\/v2\/comments?post=8"}],"version-history":[{"count":11,"href":"https:\/\/azakvinc.com\/index.php\/wp-json\/wp\/v2\/pages\/8\/revisions"}],"predecessor-version":[{"id":298,"href":"https:\/\/azakvinc.com\/index.php\/wp-json\/wp\/v2\/pages\/8\/revisions\/298"}],"wp:attachment":[{"href":"https:\/\/azakvinc.com\/index.php\/wp-json\/wp\/v2\/media?parent=8"}],"curies":[{"name":"wp","href":"https:\/\/api.w.org\/{rel}","templated":true}]}}