{"id":10,"date":"2025-07-29T11:53:35","date_gmt":"2025-07-29T11:53:35","guid":{"rendered":"https:\/\/azakvinc.com\/?page_id=10"},"modified":"2025-10-21T08:20:25","modified_gmt":"2025-10-21T08:20:25","slug":"portfoy","status":"publish","type":"page","link":"https:\/\/azakvinc.com\/index.php\/portfoy\/","title":{"rendered":"Hizmetlerimiz"},"content":{"rendered":"\n<div class=\"wp-block-cover alignfull\" style=\"min-height:117px;aspect-ratio:unset;\"><span aria-hidden=\"true\" class=\"wp-block-cover__background has-nv-site-bg-background-color has-background-dim-100 has-background-dim\"><\/span><div class=\"wp-block-cover__inner-container is-layout-flow wp-block-cover-is-layout-flow\">\n<div class=\"wp-block-group\" style=\"padding-right:var(--wp--preset--spacing--30);padding-left:var(--wp--preset--spacing--30)\"><div class=\"wp-block-group__inner-container is-layout-flow wp-block-group-is-layout-flow\">\n<h1 class=\"wp-block-heading has-text-align-center has-text-align-left has-neve-text-color-color has-text-color\">Hizmetlerimiz<\/h1>\n<\/div><\/div>\n<\/div><\/div>\n\n\n\n<div class=\"wp-block-cover alignfull\" style=\"min-height:600px;aspect-ratio:unset;\"><span aria-hidden=\"true\" class=\"wp-block-cover__background has-nv-light-bg-background-color has-background-dim-100 has-background-dim\"><\/span><div class=\"wp-block-cover__inner-container is-layout-flow wp-block-cover-is-layout-flow\">\n<div class=\"wp-block-group\"><div class=\"wp-block-group__inner-container is-layout-flow wp-block-group-is-layout-flow\">\n<div style=\"height:80px\" aria-hidden=\"true\" class=\"wp-block-spacer\"><\/div>\n\n\n\n<div class=\"wp-block-columns are-vertically-aligned-center is-layout-flex wp-container-core-columns-is-layout-9d6595d7 wp-block-columns-is-layout-flex\">\n<div class=\"wp-block-column is-vertically-aligned-center is-layout-flow wp-block-column-is-layout-flow\" style=\"padding-right:var(--wp--preset--spacing--30);padding-left:var(--wp--preset--spacing--30);flex-basis:50%\">\n<figure class=\"wp-block-image size-full has-custom-border\"><img loading=\"lazy\" decoding=\"async\" width=\"1200\" height=\"1600\" src=\"https:\/\/azakvinc.com\/wp-content\/uploads\/2025\/10\/WhatsApp-Image-2025-10-21-at-11.17.20.jpeg\" alt=\"\" class=\"wp-image-327\" style=\"border-radius:24px\" srcset=\"https:\/\/azakvinc.com\/wp-content\/uploads\/2025\/10\/WhatsApp-Image-2025-10-21-at-11.17.20.jpeg 1200w, https:\/\/azakvinc.com\/wp-content\/uploads\/2025\/10\/WhatsApp-Image-2025-10-21-at-11.17.20-225x300.jpeg 225w, https:\/\/azakvinc.com\/wp-content\/uploads\/2025\/10\/WhatsApp-Image-2025-10-21-at-11.17.20-768x1024.jpeg 768w, https:\/\/azakvinc.com\/wp-content\/uploads\/2025\/10\/WhatsApp-Image-2025-10-21-at-11.17.20-1152x1536.jpeg 1152w\" sizes=\"auto, (max-width: 1200px) 100vw, 1200px\" \/><\/figure>\n\n\n\n<div style=\"height:24px\" aria-hidden=\"true\" class=\"wp-block-spacer\"><\/div>\n\n\n\n<h4 class=\"wp-block-heading has-text-align-left has-neve-text-color-color has-text-color\">\ud83c\udfd7\ufe0f <strong> Mobil Vin\u00e7 Kiralama<\/strong><\/h4>\n\n\n\n<p class=\"has-text-align-left has-neve-text-color-color has-text-color\">A\u011f\u0131r y\u00fckleri zahmetsizce kald\u0131r\u0131yoruz!<br>Mobil vin\u00e7lerimizle \u015fantiye, fabrika ya da saha fark etmeden h\u0131zl\u0131 ve g\u00fcvenli \u00e7\u00f6z\u00fcmler sunuyoruz.<br>\ud83d\udce6 Konteyner ta\u015f\u0131ma, \ud83e\uddf1 in\u015faat iskeleti montaj\u0131, \ud83d\udc77 \u00e7elik konstr\u00fcksiyon i\u015fleri gibi bir\u00e7ok alanda yan\u0131n\u0131zday\u0131z.<br>Zaman\u0131n\u0131z k\u0131ymetli, i\u015fi uzatmadan halledelim!<\/p>\n\n\n\n<div style=\"height:40px\" aria-hidden=\"true\" class=\"wp-block-spacer\"><\/div>\n<\/div>\n\n\n\n<div class=\"wp-block-column is-vertically-aligned-center is-layout-flow wp-block-column-is-layout-flow\" style=\"padding-right:var(--wp--preset--spacing--30);padding-left:var(--wp--preset--spacing--30);flex-basis:50%\">\n<figure class=\"wp-block-image size-full has-custom-border\"><img loading=\"lazy\" decoding=\"async\" width=\"1200\" height=\"1600\" src=\"https:\/\/azakvinc.com\/wp-content\/uploads\/2025\/10\/WhatsApp-Image-2025-10-21-at-10.54.58-1-4.jpeg\" alt=\"\" class=\"wp-image-328\" style=\"border-radius:24px\" srcset=\"https:\/\/azakvinc.com\/wp-content\/uploads\/2025\/10\/WhatsApp-Image-2025-10-21-at-10.54.58-1-4.jpeg 1200w, https:\/\/azakvinc.com\/wp-content\/uploads\/2025\/10\/WhatsApp-Image-2025-10-21-at-10.54.58-1-4-225x300.jpeg 225w, https:\/\/azakvinc.com\/wp-content\/uploads\/2025\/10\/WhatsApp-Image-2025-10-21-at-10.54.58-1-4-768x1024.jpeg 768w, https:\/\/azakvinc.com\/wp-content\/uploads\/2025\/10\/WhatsApp-Image-2025-10-21-at-10.54.58-1-4-1152x1536.jpeg 1152w\" sizes=\"auto, (max-width: 1200px) 100vw, 1200px\" \/><\/figure>\n\n\n\n<div style=\"height:24px\" aria-hidden=\"true\" class=\"wp-block-spacer\"><\/div>\n\n\n\n<h4 class=\"wp-block-heading has-text-align-left has-neve-text-color-color has-text-color\">\ud83d\udc77<strong> Sepetli Vin\u00e7 Kiralama<\/strong><\/h4>\n\n\n\n<p class=\"has-text-align-left has-neve-text-color-color has-text-color\">Y\u00fcksek yerlere g\u00fcvenle ula\u015fman\u0131n en kolay yolu!<br>Sepetli vin\u00e7lerimizle tabela montaj\u0131, d\u0131\u015f cephe cam temizli\u011fi, elektrik dire\u011fi bak\u0131m\u0131 gibi t\u00fcm y\u00fcksek eri\u015fim i\u015flerini g\u00fcvenle yap\u0131yoruz.<br>Operat\u00f6rl\u00fc kiralama se\u00e7eneklerimizle i\u015fi siz d\u00fc\u015f\u00fcnmeyin, biz tamamlayal\u0131m. \ud83d\ude09<br>\ud83d\udee0\ufe0f Hem pratik hem g\u00fcvenli!<\/p>\n\n\n\n<div style=\"height:40px\" aria-hidden=\"true\" class=\"wp-block-spacer\"><\/div>\n<\/div>\n\n\n\n<div class=\"wp-block-column is-vertically-aligned-center is-layout-flow wp-block-column-is-layout-flow\" style=\"padding-right:var(--wp--preset--spacing--30);padding-left:var(--wp--preset--spacing--30);flex-basis:50%\">\n<figure class=\"wp-block-image size-full is-resized has-custom-border\"><img loading=\"lazy\" decoding=\"async\" width=\"1200\" height=\"1600\" src=\"https:\/\/azakvinc.com\/wp-content\/uploads\/2025\/10\/WhatsApp-Image-2025-10-21-at-11.17.21-1.jpeg\" alt=\"\" class=\"wp-image-329\" style=\"border-radius:24px;width:352px;height:auto\" srcset=\"https:\/\/azakvinc.com\/wp-content\/uploads\/2025\/10\/WhatsApp-Image-2025-10-21-at-11.17.21-1.jpeg 1200w, https:\/\/azakvinc.com\/wp-content\/uploads\/2025\/10\/WhatsApp-Image-2025-10-21-at-11.17.21-1-225x300.jpeg 225w, https:\/\/azakvinc.com\/wp-content\/uploads\/2025\/10\/WhatsApp-Image-2025-10-21-at-11.17.21-1-768x1024.jpeg 768w, https:\/\/azakvinc.com\/wp-content\/uploads\/2025\/10\/WhatsApp-Image-2025-10-21-at-11.17.21-1-1152x1536.jpeg 1152w\" sizes=\"auto, (max-width: 1200px) 100vw, 1200px\" \/><\/figure>\n\n\n\n<div style=\"height:24px\" aria-hidden=\"true\" class=\"wp-block-spacer\"><\/div>\n\n\n\n<h4 class=\"wp-block-heading has-text-align-left has-neve-text-color-color has-text-color\">\ud83e\uddf0 <strong>\u00d6zel Projelere Vin\u00e7 Deste\u011fi<\/strong><\/h4>\n\n\n\n<p class=\"has-text-align-left has-neve-text-color-color has-text-color\">Her i\u015fin \u00e7\u00f6z\u00fcm\u00fc farkl\u0131d\u0131r, biz de \u00f6yle \u00e7al\u0131\u015f\u0131r\u0131z!<br>\u0130ster dar alanda, ister zorlu arazide olsun; i\u015finize \u00f6zel vin\u00e7 planlamas\u0131 yapar, uygun ekipmanla hizmet veririz.<br>\ud83c\udfa1 Organizasyon kurulumu, \u2699\ufe0f makine montaj\u0131, \ud83d\udc77 d\u0131\u015f cephe \u00e7al\u0131\u015fmalar\u0131\u2026 Her i\u015fin alt\u0131ndan kalkar\u0131z!<br>Siz yeter ki \u201cBenim b\u00f6yle bir i\u015fim var\u201d deyin.<\/p>\n\n\n\n<div style=\"height:40px\" aria-hidden=\"true\" class=\"wp-block-spacer\"><\/div>\n<\/div>\n<\/div>\n\n\n\n<div style=\"height:40px\" aria-hidden=\"true\" class=\"wp-block-spacer\"><\/div>\n<\/div><\/div>\n<\/div><\/div>\n\n\n\n<div class=\"wp-block-group\"><div class=\"wp-block-group__inner-container is-layout-flow wp-block-group-is-layout-flow\">\n<figure class=\"wp-block-gallery has-nested-images columns-4 is-cropped wp-block-gallery-1 is-layout-flex wp-block-gallery-is-layout-flex\">\n<figure class=\"wp-block-image size-large\"><img loading=\"lazy\" decoding=\"async\" width=\"768\" height=\"1024\" data-id=\"316\" src=\"https:\/\/azakvinc.com\/wp-content\/uploads\/2025\/10\/WhatsApp-Image-2025-10-21-at-10.54.56-3-768x1024.jpeg\" alt=\"\" class=\"wp-image-316\" srcset=\"https:\/\/azakvinc.com\/wp-content\/uploads\/2025\/10\/WhatsApp-Image-2025-10-21-at-10.54.56-3-768x1024.jpeg 768w, https:\/\/azakvinc.com\/wp-content\/uploads\/2025\/10\/WhatsApp-Image-2025-10-21-at-10.54.56-3-225x300.jpeg 225w, https:\/\/azakvinc.com\/wp-content\/uploads\/2025\/10\/WhatsApp-Image-2025-10-21-at-10.54.56-3-1152x1536.jpeg 1152w, https:\/\/azakvinc.com\/wp-content\/uploads\/2025\/10\/WhatsApp-Image-2025-10-21-at-10.54.56-3.jpeg 1200w\" sizes=\"auto, (max-width: 768px) 100vw, 768px\" \/><\/figure>\n\n\n\n<figure class=\"wp-block-image size-large\"><img loading=\"lazy\" decoding=\"async\" width=\"768\" height=\"1024\" data-id=\"317\" src=\"https:\/\/azakvinc.com\/wp-content\/uploads\/2025\/10\/WhatsApp-Image-2025-10-21-at-10.54.57-1-768x1024.jpeg\" alt=\"\" class=\"wp-image-317\" srcset=\"https:\/\/azakvinc.com\/wp-content\/uploads\/2025\/10\/WhatsApp-Image-2025-10-21-at-10.54.57-1-768x1024.jpeg 768w, https:\/\/azakvinc.com\/wp-content\/uploads\/2025\/10\/WhatsApp-Image-2025-10-21-at-10.54.57-1-225x300.jpeg 225w, https:\/\/azakvinc.com\/wp-content\/uploads\/2025\/10\/WhatsApp-Image-2025-10-21-at-10.54.57-1-1152x1536.jpeg 1152w, https:\/\/azakvinc.com\/wp-content\/uploads\/2025\/10\/WhatsApp-Image-2025-10-21-at-10.54.57-1.jpeg 1200w\" sizes=\"auto, (max-width: 768px) 100vw, 768px\" \/><\/figure>\n\n\n\n<figure class=\"wp-block-image size-large\"><img loading=\"lazy\" decoding=\"async\" width=\"768\" height=\"1024\" data-id=\"318\" src=\"https:\/\/azakvinc.com\/wp-content\/uploads\/2025\/10\/WhatsApp-Image-2025-10-21-at-10.54.58-2-768x1024.jpeg\" alt=\"\" class=\"wp-image-318\" srcset=\"https:\/\/azakvinc.com\/wp-content\/uploads\/2025\/10\/WhatsApp-Image-2025-10-21-at-10.54.58-2-768x1024.jpeg 768w, https:\/\/azakvinc.com\/wp-content\/uploads\/2025\/10\/WhatsApp-Image-2025-10-21-at-10.54.58-2-225x300.jpeg 225w, https:\/\/azakvinc.com\/wp-content\/uploads\/2025\/10\/WhatsApp-Image-2025-10-21-at-10.54.58-2-1152x1536.jpeg 1152w, https:\/\/azakvinc.com\/wp-content\/uploads\/2025\/10\/WhatsApp-Image-2025-10-21-at-10.54.58-2.jpeg 1200w\" sizes=\"auto, (max-width: 768px) 100vw, 768px\" \/><\/figure>\n\n\n\n<figure class=\"wp-block-image size-large\"><img loading=\"lazy\" decoding=\"async\" width=\"768\" height=\"1024\" data-id=\"319\" src=\"https:\/\/azakvinc.com\/wp-content\/uploads\/2025\/10\/WhatsApp-Image-2025-10-21-at-10.55.48-1-768x1024.jpeg\" alt=\"\" class=\"wp-image-319\" srcset=\"https:\/\/azakvinc.com\/wp-content\/uploads\/2025\/10\/WhatsApp-Image-2025-10-21-at-10.55.48-1-768x1024.jpeg 768w, https:\/\/azakvinc.com\/wp-content\/uploads\/2025\/10\/WhatsApp-Image-2025-10-21-at-10.55.48-1-225x300.jpeg 225w, https:\/\/azakvinc.com\/wp-content\/uploads\/2025\/10\/WhatsApp-Image-2025-10-21-at-10.55.48-1-1152x1536.jpeg 1152w, https:\/\/azakvinc.com\/wp-content\/uploads\/2025\/10\/WhatsApp-Image-2025-10-21-at-10.55.48-1.jpeg 1200w\" sizes=\"auto, (max-width: 768px) 100vw, 768px\" \/><\/figure>\n\n\n\n<figure class=\"wp-block-image size-large\"><img loading=\"lazy\" decoding=\"async\" width=\"768\" height=\"1024\" data-id=\"320\" src=\"https:\/\/azakvinc.com\/wp-content\/uploads\/2025\/10\/WhatsApp-Image-2025-10-21-at-10.54.58-1-1-768x1024.jpeg\" alt=\"\" class=\"wp-image-320\" srcset=\"https:\/\/azakvinc.com\/wp-content\/uploads\/2025\/10\/WhatsApp-Image-2025-10-21-at-10.54.58-1-1-768x1024.jpeg 768w, https:\/\/azakvinc.com\/wp-content\/uploads\/2025\/10\/WhatsApp-Image-2025-10-21-at-10.54.58-1-1-225x300.jpeg 225w, https:\/\/azakvinc.com\/wp-content\/uploads\/2025\/10\/WhatsApp-Image-2025-10-21-at-10.54.58-1-1-1152x1536.jpeg 1152w, https:\/\/azakvinc.com\/wp-content\/uploads\/2025\/10\/WhatsApp-Image-2025-10-21-at-10.54.58-1-1.jpeg 1200w\" sizes=\"auto, (max-width: 768px) 100vw, 768px\" \/><\/figure>\n\n\n\n<figure class=\"wp-block-image size-large\"><img loading=\"lazy\" decoding=\"async\" width=\"768\" height=\"1024\" data-id=\"321\" src=\"https:\/\/azakvinc.com\/wp-content\/uploads\/2025\/10\/WhatsApp-Image-2025-10-21-at-10.55.49-1-768x1024.jpeg\" alt=\"\" class=\"wp-image-321\" srcset=\"https:\/\/azakvinc.com\/wp-content\/uploads\/2025\/10\/WhatsApp-Image-2025-10-21-at-10.55.49-1-768x1024.jpeg 768w, https:\/\/azakvinc.com\/wp-content\/uploads\/2025\/10\/WhatsApp-Image-2025-10-21-at-10.55.49-1-225x300.jpeg 225w, https:\/\/azakvinc.com\/wp-content\/uploads\/2025\/10\/WhatsApp-Image-2025-10-21-at-10.55.49-1-1152x1536.jpeg 1152w, https:\/\/azakvinc.com\/wp-content\/uploads\/2025\/10\/WhatsApp-Image-2025-10-21-at-10.55.49-1.jpeg 1200w\" sizes=\"auto, (max-width: 768px) 100vw, 768px\" \/><\/figure>\n\n\n\n<figure class=\"wp-block-image size-large\"><img loading=\"lazy\" decoding=\"async\" width=\"768\" height=\"1024\" data-id=\"323\" src=\"https:\/\/azakvinc.com\/wp-content\/uploads\/2025\/10\/WhatsApp-Image-2025-10-21-at-10.55.48-768x1024.jpeg\" alt=\"\" class=\"wp-image-323\" srcset=\"https:\/\/azakvinc.com\/wp-content\/uploads\/2025\/10\/WhatsApp-Image-2025-10-21-at-10.55.48-768x1024.jpeg 768w, https:\/\/azakvinc.com\/wp-content\/uploads\/2025\/10\/WhatsApp-Image-2025-10-21-at-10.55.48-225x300.jpeg 225w, https:\/\/azakvinc.com\/wp-content\/uploads\/2025\/10\/WhatsApp-Image-2025-10-21-at-10.55.48-1152x1536.jpeg 1152w, https:\/\/azakvinc.com\/wp-content\/uploads\/2025\/10\/WhatsApp-Image-2025-10-21-at-10.55.48.jpeg 1200w\" sizes=\"auto, (max-width: 768px) 100vw, 768px\" \/><\/figure>\n<\/figure>\n<\/div><\/div>\n","protected":false},"excerpt":{"rendered":"","protected":false},"author":1,"featured_media":0,"parent":0,"menu_order":0,"comment_status":"closed","ping_status":"closed","template":"","meta":{"neve_meta_sidebar":"","neve_meta_container":"","neve_meta_enable_content_width":"on","neve_meta_content_width":100,"neve_meta_title_alignment":"","neve_meta_author_avatar":"","neve_post_elements_order":"","neve_meta_disable_header":"","neve_meta_disable_footer":"","neve_meta_disable_title":"on","footnotes":""},"class_list":["post-10","page","type-page","status-publish","hentry"],"_links":{"self":[{"href":"https:\/\/azakvinc.com\/index.php\/wp-json\/wp\/v2\/pages\/10","targetHints":{"allow":["GET"]}}],"collection":[{"href":"https:\/\/azakvinc.com\/index.php\/wp-json\/wp\/v2\/pages"}],"about":[{"href":"https:\/\/azakvinc.com\/index.php\/wp-json\/wp\/v2\/types\/page"}],"author":[{"embeddable":true,"href":"https:\/\/azakvinc.com\/index.php\/wp-json\/wp\/v2\/users\/1"}],"replies":[{"embeddable":true,"href":"https:\/\/azakvinc.com\/index.php\/wp-json\/wp\/v2\/comments?post=10"}],"version-history":[{"count":17,"href":"https:\/\/azakvinc.com\/index.php\/wp-json\/wp\/v2\/pages\/10\/revisions"}],"predecessor-version":[{"id":331,"href":"https:\/\/azakvinc.com\/index.php\/wp-json\/wp\/v2\/pages\/10\/revisions\/331"}],"wp:attachment":[{"href":"https:\/\/azakvinc.com\/index.php\/wp-json\/wp\/v2\/media?parent=10"}],"curies":[{"name":"wp","href":"https:\/\/api.w.org\/{rel}","templated":true}]}}